{"id":100,"date":"2026-03-04T21:13:09","date_gmt":"2026-03-04T21:13:09","guid":{"rendered":"https:\/\/estmia.ee\/?page_id=100"},"modified":"2026-05-03T20:59:28","modified_gmt":"2026-05-03T20:59:28","slug":"get-involved","status":"publish","type":"page","link":"https:\/\/estmia.ee\/et\/get-involved\/","title":{"rendered":"Liitu meiega"},"content":{"rendered":"<div class=\"wp-block-group alignfull has-background has-global-padding is-layout-constrained wp-container-core-group-is-layout-669513ed wp-block-group-is-layout-constrained\" style=\"background:linear-gradient(354deg,#B5BDBC 0%,#F9F9F9 100%);margin-top:0;margin-bottom:0;padding-top:var(--wp--preset--spacing--50);padding-right:var(--wp--preset--spacing--50);padding-bottom:var(--wp--preset--spacing--50);padding-left:var(--wp--preset--spacing--50);background-image:url(&apos;https:\/\/estmia.ee\/wp-content\/uploads\/2026\/03\/smth-1.png&apos;);background-position:96% 23%;background-size:cover;\">\n<div class=\"wp-block-columns alignfull are-vertically-aligned-center is-layout-flex wp-container-core-columns-is-layout-28f84493 wp-block-columns-is-layout-flex\">\n<div class=\"wp-block-column is-vertically-aligned-center is-layout-flow wp-block-column-is-layout-flow\" style=\"flex-basis:60%\">\n<div class=\"wp-block-group has-global-padding is-layout-constrained wp-block-group-is-layout-constrained\">\n<h2 class=\"wp-block-heading has-x-large-font-size\">Saa liikmeks<\/h2>\n\n\n\n<p>Eesti Terviseinformaatika \u00dching (EstMIA) ootab liituma nii \u00fcksikisikuid kui ka organisatsioone, kes on huvitatud meditsiiniinformaatika ja digitaalse tervise arendamisest ning interdistsiplinaarse koost\u00f6\u00f6 edendamisest Eestis ja rahvusvaheliselt.<\/p>\n\n\n\n<p>Liikmeks v\u00f5ivad astuda nii <strong>eraisikud<\/strong> kui ka <strong>juriidilised isikud<\/strong>, sealhulgas \u00fclikoolid, teadusasutused, tervishoiuorganisatsioonid ning terviseinformaatika valdkonnas tegutsevad ettev\u00f5tted.<\/p>\n<\/div>\n<\/div>\n<\/div>\n<\/div>\n\n\n\n<div class=\"wp-block-group alignfull has-base-background-color has-background has-global-padding is-layout-constrained wp-container-core-group-is-layout-d89aad35 wp-block-group-is-layout-constrained\" style=\"margin-top:0;margin-bottom:0;padding-top:var(--wp--preset--spacing--50);padding-right:var(--wp--preset--spacing--50);padding-bottom:var(--wp--preset--spacing--50);padding-left:var(--wp--preset--spacing--50)\">\n<div class=\"wp-block-columns alignwide is-layout-flex wp-container-core-columns-is-layout-549b0c86 wp-block-columns-is-layout-flex\">\n<div class=\"wp-block-column is-vertically-aligned-stretch has-global-padding is-content-justification-center is-layout-constrained wp-container-core-column-is-layout-42d62dd4 wp-block-column-is-layout-constrained\" style=\"flex-basis:40%\">\n<div class=\"wp-block-columns is-layout-flex wp-container-core-columns-is-layout-28f84493 wp-block-columns-is-layout-flex\">\n<div class=\"wp-block-column is-layout-flow wp-block-column-is-layout-flow\" style=\"flex-basis:100%\"><\/div>\n<\/div>\n\n\n\n<figure class=\"wp-block-image alignfull size-large is-style-default\"><img loading=\"lazy\" decoding=\"async\" width=\"1024\" height=\"724\" src=\"https:\/\/estmia.ee\/wp-content\/uploads\/2026\/03\/konverents-1-1024x724.png\" alt=\"\" class=\"wp-image-248\" srcset=\"https:\/\/estmia.ee\/wp-content\/uploads\/2026\/03\/konverents-1-1024x724.png 1024w, https:\/\/estmia.ee\/wp-content\/uploads\/2026\/03\/konverents-1-300x212.png 300w, https:\/\/estmia.ee\/wp-content\/uploads\/2026\/03\/konverents-1-768x543.png 768w, https:\/\/estmia.ee\/wp-content\/uploads\/2026\/03\/konverents-1-1536x1086.png 1536w, https:\/\/estmia.ee\/wp-content\/uploads\/2026\/03\/konverents-1.png 2000w\" sizes=\"auto, (max-width: 1024px) 100vw, 1024px\" \/><\/figure>\n<\/div>\n\n\n\n<div class=\"wp-block-column is-layout-flow wp-container-core-column-is-layout-119bc444 wp-block-column-is-layout-flow\" style=\"flex-basis:60%\">\n<h2 class=\"wp-block-heading has-x-large-font-size\">Liikmelisuse t\u00fc\u00fcbid<\/h2>\n\n\n\n<div class=\"wp-block-columns is-layout-flex wp-container-core-columns-is-layout-87beb0d0 wp-block-columns-is-layout-flex\">\n<div class=\"wp-block-column is-layout-flow wp-block-column-is-layout-flow\">\n<h3 class=\"wp-block-heading\">Individuaalne liikmelisus<\/h3>\n\n\n\n<p class=\"wp-container-content-9cfa9a5a\">M\u00f5eldud spetsialistidele, teadlastele, arstidele, tudengitele ja teistele huvilistele, kes tegelevad v\u00f5i tunnevad huvi meditsiiniinformaatika ja digitaalse tervise vastu.<\/p>\n<\/div>\n\n\n\n<div class=\"wp-block-column is-layout-flow wp-block-column-is-layout-flow\">\n<h3 class=\"wp-block-heading\">Institutsionaalne liikmelisus<\/h3>\n\n\n\n<p>M\u00f5eldud organisatsioonidele, n\u00e4iteks:<\/p>\n\n\n\n<ul class=\"wp-block-list\">\n<li>\u00fclikoolid<\/li>\n\n\n\n<li>teadusasutused<\/li>\n\n\n\n<li>tervishoiuorganisatsioonid<\/li>\n\n\n\n<li>ettev\u00f5tted ja tehnoloogiapakkujad<\/li>\n<\/ul>\n\n\n\n<p>Institutsionaalsed liikmed saavad osaleda EstMIA algatustes ning teha koost\u00f6\u00f6d projektide ja \u00fcrituste raames.<\/p>\n<\/div>\n<\/div>\n<\/div>\n<\/div>\n<\/div>\n\n\n\n<div class=\"wp-block-group alignfull has-base-2-background-color has-background has-global-padding is-layout-constrained wp-container-core-group-is-layout-7cd14b77 wp-block-group-is-layout-constrained\" style=\"margin-top:0;margin-bottom:0;padding-top:var(--wp--preset--spacing--60);padding-right:var(--wp--preset--spacing--60);padding-bottom:var(--wp--preset--spacing--60);padding-left:var(--wp--preset--spacing--60)\">\n<div class=\"wp-block-group alignwide is-layout-flow wp-block-group-is-layout-flow\">\n<h2 class=\"wp-block-heading has-text-align-center has-x-large-font-size\">EstMIA p\u00f5hikiri<\/h2>\n\n\n\n<p class=\"has-text-align-center\">Eesti Terviseinformaatika \u00dchingu ametlik p\u00f5hikiri on k\u00e4ttesaadav allpool.<\/p>\n\n\n\n<div class=\"wp-block-file aligncenter has-link-color wp-elements-70f4d9ca0bda1015a1b46d8134f8d2df\"><a id=\"wp-block-file--media-d8beee79-f589-4116-943b-f0b6915e0680\" href=\"https:\/\/estmia.ee\/wp-content\/uploads\/2026\/05\/Eesti-Terviseinformaatika-Uhingu-Pohikiri.pdf\" target=\"_blank\" rel=\"noreferrer noopener\">Eesti-Terviseinformaatika-\u00fchingu-P\u00f5hikiri<\/a><a href=\"https:\/\/estmia.ee\/wp-content\/uploads\/2026\/05\/Eesti-Terviseinformaatika-Uhingu-Pohikiri.pdf\" class=\"wp-block-file__button wp-element-button\" download aria-describedby=\"wp-block-file--media-d8beee79-f589-4116-943b-f0b6915e0680\">Lae alla<\/a><\/div>\n<\/div>\n<\/div>\n\n\n\n<div class=\"wp-block-group alignfull has-base-background-color has-background has-global-padding is-layout-constrained wp-container-core-group-is-layout-d89aad35 wp-block-group-is-layout-constrained\" style=\"margin-top:0;margin-bottom:0;padding-top:var(--wp--preset--spacing--50);padding-right:var(--wp--preset--spacing--50);padding-bottom:var(--wp--preset--spacing--50);padding-left:var(--wp--preset--spacing--50)\">\n<div class=\"wp-block-columns alignwide is-layout-flex wp-container-core-columns-is-layout-1da03c2a wp-block-columns-is-layout-flex\">\n<div class=\"wp-block-column is-vertically-aligned-center is-layout-flow wp-block-column-is-layout-flow\" style=\"flex-basis:60%\">\n<figure class=\"wp-block-image alignright size-full is-resized is-style-rounded wp-duotone-unset-2 is-style-rounded--1\"><img loading=\"lazy\" decoding=\"async\" width=\"2000\" height=\"1414\" src=\"https:\/\/estmia.ee\/wp-content\/uploads\/2026\/03\/kirj.png\" alt=\"\" class=\"wp-image-249\" style=\"aspect-ratio:1.3333333333333333;object-fit:cover;width:602px;height:auto\" srcset=\"https:\/\/estmia.ee\/wp-content\/uploads\/2026\/03\/kirj.png 2000w, https:\/\/estmia.ee\/wp-content\/uploads\/2026\/03\/kirj-300x212.png 300w, https:\/\/estmia.ee\/wp-content\/uploads\/2026\/03\/kirj-1024x724.png 1024w, https:\/\/estmia.ee\/wp-content\/uploads\/2026\/03\/kirj-768x543.png 768w, https:\/\/estmia.ee\/wp-content\/uploads\/2026\/03\/kirj-1536x1086.png 1536w\" sizes=\"auto, (max-width: 2000px) 100vw, 2000px\" \/><\/figure>\n<\/div>\n\n\n\n<div class=\"wp-block-column is-layout-flow wp-block-column-is-layout-flow\" style=\"flex-basis:40%\">\n<h2 class=\"wp-block-heading\">NoorEstMIA<\/h2>\n\n\n\n<p><strong>NoorEstMIA<\/strong> on kogukond tudengitele ja karj\u00e4\u00e4ri alguses olevatele spetsialistidele, kes tunnevad huvi meditsiiniinformaatika, digitaalse tervise ja terviseandmete teaduse vastu.<\/p>\n\n\n\n<p>NoorEstMIA eesm\u00e4rk on:<\/p>\n\n\n\n<ul class=\"wp-block-list\">\n<li>toetada j\u00e4rgmise p\u00f5lvkonna spetsialistide kujunemist<\/li>\n\n\n\n<li>soodustada v\u00f5rgustumist ja koost\u00f6\u00f6d<\/li>\n\n\n\n<li>pakkuda v\u00f5imalusi osaleda teadust\u00f6\u00f6s, projektides ja \u00fcritustel<\/li>\n<\/ul>\n\n\n\n<p>Ootame liituma tudengeid ja karj\u00e4\u00e4ri alguses olevaid spetsialiste.<\/p>\n<\/div>\n<\/div>\n<\/div>\n\n\n\n<div class=\"wp-block-group alignfull has-global-padding is-layout-constrained wp-container-core-group-is-layout-669513ed wp-block-group-is-layout-constrained\" style=\"margin-top:0;margin-bottom:0;padding-top:var(--wp--preset--spacing--50);padding-right:var(--wp--preset--spacing--50);padding-bottom:var(--wp--preset--spacing--50);padding-left:var(--wp--preset--spacing--50)\">\n<div class=\"wp-block-group alignwide has-base-2-background-color has-background has-global-padding is-layout-constrained wp-container-core-group-is-layout-a151063b wp-block-group-is-layout-constrained\" style=\"border-radius:16px;padding-top:var(--wp--preset--spacing--50);padding-right:var(--wp--preset--spacing--40);padding-bottom:var(--wp--preset--spacing--50);padding-left:var(--wp--preset--spacing--40)\">\n<div class=\"wp-block-group alignwide is-vertical is-content-justification-stretch is-layout-flex wp-container-core-group-is-layout-353c4f5a wp-block-group-is-layout-flex\">\n<h2 class=\"wp-block-heading has-text-align-center\">Liikmemaks<\/h2>\n\n\n\n<p class=\"has-text-align-center translation-block\" style=\"margin-top:var(--wp--preset--spacing--10);font-size:clamp(0.875rem, 0.875rem + ((1vw - 0.2rem) * 0.417), 1.125rem);\">2026. aasta liikmemaksud on j\u00e4rgmised:<\/p>\n<\/div>\n\n\n\n<div style=\"height:var(--wp--preset--spacing--30)\" aria-hidden=\"true\" class=\"wp-block-spacer\"><\/div>\n\n\n\n<div class=\"wp-block-columns alignwide is-layout-flex wp-container-core-columns-is-layout-06670bbc wp-block-columns-is-layout-flex\">\n<div class=\"wp-block-column is-layout-flow wp-block-column-is-layout-flow\" style=\"border-top-color:var(--wp--preset--color--contrast-3);border-top-width:1px;padding-top:var(--wp--preset--spacing--30);padding-right:var(--wp--preset--spacing--30);padding-bottom:var(--wp--preset--spacing--10);padding-left:var(--wp--preset--spacing--30)\">\n<h4 class=\"wp-block-heading has-text-align-center\"><em><strong>\u00d5pilased<\/strong><\/em><\/h4>\n\n\n\n<h5 class=\"wp-block-heading has-text-align-center has-x-large-font-size\">10\u20ac aastas<\/h5>\n\n\n\n<div style=\"height:var(--wp--preset--spacing--10)\" aria-hidden=\"true\" class=\"wp-block-spacer\"><\/div>\n\n\n\n<div class=\"wp-block-group is-vertical is-content-justification-stretch is-layout-flex wp-container-core-group-is-layout-353c4f5a wp-block-group-is-layout-flex\">\n<p class=\"has-text-align-center\">\u00d5pilastele, \u00fcli\u00f5pilastele ja doktorantidele.<\/p>\n\n\n\n<hr class=\"wp-block-separator has-text-color has-contrast-3-color has-alpha-channel-opacity has-contrast-3-background-color has-background is-style-wide\"\/>\n\n\n\n<p class=\"has-text-align-center has-contrast-color has-text-color has-link-color wp-elements-ee46d33d757441252c2022ea5ab3ea96\">Ligip\u00e4\u00e4s EstMIA tegevustele ja \u00fcritustele.<\/p>\n\n\n\n<hr class=\"wp-block-separator has-text-color has-contrast-3-color has-alpha-channel-opacity has-contrast-3-background-color has-background is-style-wide\"\/>\n\n\n\n<p class=\"has-text-align-center has-contrast-color has-text-color has-link-color wp-elements-9e337adb6c524d010cd676922aed6ec4\">V\u00f5imalus olla osa meditsiiniinformaatika kogukonnast.<\/p>\n<\/div>\n<\/div>\n\n\n\n<div class=\"wp-block-column is-layout-flow wp-block-column-is-layout-flow\" style=\"border-top-color:var(--wp--preset--color--contrast);border-top-width:2px;padding-top:var(--wp--preset--spacing--30);padding-right:var(--wp--preset--spacing--30);padding-bottom:var(--wp--preset--spacing--10);padding-left:var(--wp--preset--spacing--30)\">\n<h4 class=\"wp-block-heading has-text-align-center\"><em><strong>Individuaalliikmed<\/strong><\/em><\/h4>\n\n\n\n<h5 class=\"wp-block-heading has-text-align-center has-x-large-font-size\">50\u20ac aastas<\/h5>\n\n\n\n<div style=\"height:var(--wp--preset--spacing--10)\" aria-hidden=\"true\" class=\"wp-block-spacer\"><\/div>\n\n\n\n<div class=\"wp-block-group is-vertical is-content-justification-stretch is-layout-flex wp-container-core-group-is-layout-353c4f5a wp-block-group-is-layout-flex\">\n<p class=\"has-text-align-center\">Spetsialistidele, kes tegutsevad v\u00f5i tunnevad huvi meditsiiniinformaatika ja digitaalse tervise valdkonnas.<\/p>\n\n\n\n<hr class=\"wp-block-separator has-text-color has-contrast-3-color has-alpha-channel-opacity has-contrast-3-background-color has-background is-style-wide\"\/>\n\n\n\n<p class=\"has-text-align-center\">Osalemine EstMIA tegevustes ja \u00fcritustel.<\/p>\n\n\n\n<hr class=\"wp-block-separator has-text-color has-contrast-3-color has-alpha-channel-opacity has-contrast-3-background-color has-background is-style-wide\"\/>\n\n\n\n<p class=\"has-text-align-center\">V\u00f5imalus panustada koost\u00f6\u00f6sse tervishoiu, teaduse ja tehnoloogia valdkondade vahel.<\/p>\n<\/div>\n<\/div>\n\n\n\n<div class=\"wp-block-column is-layout-flow wp-block-column-is-layout-flow\" style=\"border-top-color:var(--wp--preset--color--contrast-3);border-top-width:1px;padding-top:var(--wp--preset--spacing--30);padding-right:var(--wp--preset--spacing--30);padding-bottom:var(--wp--preset--spacing--10);padding-left:var(--wp--preset--spacing--30)\">\n<h4 class=\"wp-block-heading has-text-align-center\"><em><strong>Institutsionaalne toetus<\/strong><\/em><\/h4>\n\n\n\n<h5 class=\"wp-block-heading has-text-align-center has-large-font-size\">Kokkuleppeline <br>panus<\/h5>\n\n\n\n<div class=\"wp-block-group is-vertical is-content-justification-stretch is-layout-flex wp-container-core-group-is-layout-353c4f5a wp-block-group-is-layout-flex\">\n<p class=\"has-text-align-center\">Organisatsioonid ja ettev\u00f5tted saavad EstMIA tegevust toetada institutsionaalse partnerluse kaudu.<\/p>\n\n\n\n<hr class=\"wp-block-separator has-text-color has-contrast-3-color has-alpha-channel-opacity has-contrast-3-background-color has-background is-style-wide\"\/>\n\n\n\n<p class=\"has-text-align-center\">Panuse tingimused lepitakse kokku vastavalt koost\u00f6\u00f6 ulatusele ja \u00fchistele huvidele.<\/p>\n\n\n\n<hr class=\"wp-block-separator has-text-color has-contrast-3-color has-alpha-channel-opacity has-contrast-3-background-color has-background is-style-wide\"\/>\n\n\n\n<p class=\"has-text-align-center\">V\u00f5imaluste arutamiseks v\u00f5tke palun \u00fchendust EstMIA juhatusega.<\/p>\n<\/div>\n<\/div>\n<\/div>\n<\/div>\n<\/div>\n\n\n\n<div class=\"wp-block-group alignfull has-global-padding is-layout-constrained wp-container-core-group-is-layout-d89aad35 wp-block-group-is-layout-constrained\" style=\"margin-top:0;margin-bottom:0;padding-top:var(--wp--preset--spacing--50);padding-right:var(--wp--preset--spacing--50);padding-bottom:var(--wp--preset--spacing--50);padding-left:var(--wp--preset--spacing--50)\">\n<div class=\"wp-block-group alignwide has-base-2-background-color has-background has-global-padding is-layout-constrained wp-container-core-group-is-layout-39412042 wp-block-group-is-layout-constrained\" style=\"border-radius:16px;padding-top:var(--wp--preset--spacing--40);padding-right:var(--wp--preset--spacing--50);padding-bottom:var(--wp--preset--spacing--40);padding-left:var(--wp--preset--spacing--50);background-image:url(&apos;https:\/\/estmia.ee\/wp-content\/uploads\/2026\/03\/proovv.png&apos;);background-position:93% 92%;background-size:cover;\">\n<h2 class=\"wp-block-heading has-text-align-center has-x-large-font-size\">Liitu EstMIAga!<\/h2>\n\n\n\n<p class=\"has-text-align-center\"><br>Liitu Eesti meditsiiniinformaatika kogukonnaga ning aita edendada digitaalset tervist ja meditsiiniinformaatikat.<\/p>\n\n\n\n<div class=\"wp-block-buttons is-content-justification-center is-layout-flex wp-container-core-buttons-is-layout-a89b3969 wp-block-buttons-is-layout-flex\">\n<div class=\"wp-block-button\"><a class=\"wp-block-button__link wp-element-button\" href=\"https:\/\/forms.office.com\/r\/HAEPZ0gisR\">Taotle liikmelisust<\/a><\/div>\n<\/div>\n\n\n\n<p class=\"has-text-align-center\">T\u00e4ida avaldus ning v\u00f5tame sinuga peagi \u00fchendust!<\/p>\n\n\n\n<div style=\"height:17px\" aria-hidden=\"true\" class=\"wp-block-spacer\"><\/div>\n<\/div>\n<\/div>\n\n\n\n<p><\/p>","protected":false},"excerpt":{"rendered":"<p>Become a Member The Estonian Medical Informatics Association (EstMIA) welcomes individuals and organisations interested in advancing medical informatics, digital health and interdisciplinary collaboration in Estonia and internationally. Membership is open [&hellip;]<\/p>\n","protected":false},"author":1,"featured_media":0,"parent":0,"menu_order":0,"comment_status":"closed","ping_status":"closed","template":"","meta":{"give_campaign_id":0,"_EventAllDay":false,"_EventTimezone":"","_EventStartDate":"","_EventEndDate":"","_EventStartDateUTC":"","_EventEndDateUTC":"","_EventShowMap":false,"_EventShowMapLink":false,"_EventURL":"","_EventCost":"","_EventCostDescription":"","_EventCurrencySymbol":"","_EventCurrencyCode":"","_EventCurrencyPosition":"","_EventDateTimeSeparator":"","_EventTimeRangeSeparator":"","_EventOrganizerID":[],"_EventVenueID":[],"_OrganizerEmail":"","_OrganizerPhone":"","_OrganizerWebsite":"","_VenueAddress":"","_VenueCity":"","_VenueCountry":"","_VenueProvince":"","_VenueState":"","_VenueZip":"","_VenuePhone":"","_VenueURL":"","_VenueStateProvince":"","_VenueLat":"","_VenueLng":"","_VenueShowMap":false,"_VenueShowMapLink":false,"footnotes":""},"class_list":["post-100","page","type-page","status-publish","hentry"],"aioseo_notices":[],"campaignId":"","_links":{"self":[{"href":"https:\/\/estmia.ee\/et\/wp-json\/wp\/v2\/pages\/100","targetHints":{"allow":["GET"]}}],"collection":[{"href":"https:\/\/estmia.ee\/et\/wp-json\/wp\/v2\/pages"}],"about":[{"href":"https:\/\/estmia.ee\/et\/wp-json\/wp\/v2\/types\/page"}],"author":[{"embeddable":true,"href":"https:\/\/estmia.ee\/et\/wp-json\/wp\/v2\/users\/1"}],"replies":[{"embeddable":true,"href":"https:\/\/estmia.ee\/et\/wp-json\/wp\/v2\/comments?post=100"}],"version-history":[{"count":24,"href":"https:\/\/estmia.ee\/et\/wp-json\/wp\/v2\/pages\/100\/revisions"}],"predecessor-version":[{"id":734,"href":"https:\/\/estmia.ee\/et\/wp-json\/wp\/v2\/pages\/100\/revisions\/734"}],"wp:attachment":[{"href":"https:\/\/estmia.ee\/et\/wp-json\/wp\/v2\/media?parent=100"}],"curies":[{"name":"wp","href":"https:\/\/api.w.org\/{rel}","templated":true}]}}