{"id":119,"date":"2026-03-04T22:15:20","date_gmt":"2026-03-04T22:15:20","guid":{"rendered":"https:\/\/estmia.ee\/?page_id=119"},"modified":"2026-05-12T13:29:37","modified_gmt":"2026-05-12T13:29:37","slug":"contact","status":"publish","type":"page","link":"https:\/\/estmia.ee\/et\/contact\/","title":{"rendered":"V\u00f5ta \u00fchendust"},"content":{"rendered":"<div class=\"wp-block-group alignfull has-contrast-color has-text-color has-global-padding is-layout-constrained wp-container-core-group-is-layout-ef3d885c wp-block-group-is-layout-constrained has-background\" style=\"margin-top:0;margin-bottom:0;padding-top:var(--wp--preset--spacing--60);padding-right:var(--wp--preset--spacing--60);padding-bottom:var(--wp--preset--spacing--60);padding-left:var(--wp--preset--spacing--60);background-image:url(&apos;https:\/\/estmia.ee\/wp-content\/uploads\/2026\/03\/smth-1.png&apos;);background-position:17% 36%;background-size:cover;\">\n<div class=\"wp-block-group has-global-padding is-layout-constrained wp-block-group-is-layout-constrained\">\n<h2 class=\"wp-block-heading\">\u00dcldised p\u00e4ringud<\/h2>\n\n\n\n<p class=\"has-contrast-color has-text-color has-link-color wp-elements-85a3fda8275c05563761e8fea4a664cb\">K\u00fcsimuste korral EstMIA tegevuse, koost\u00f6\u00f6v\u00f5imaluste v\u00f5i liikmelisuse kohta kirjutage: <a href=\"mailto:info@estmia.ee\"><strong>info@estmia.ee<\/strong><\/a><\/p>\n\n\n\n<h2 class=\"wp-block-heading has-text-align-center has-contrast-3-color has-text-color has-link-color wp-elements-5144d6e028698b31e2e70637b21c2c5e\"><strong>*<\/strong><\/h2>\n\n\n\n<h2 class=\"wp-block-heading\">LinkedIn<\/h2>\n\n\n\n<p>J\u00e4lgige EstMIAt LinkedInis, et saada teavet s\u00fcndmuste, koost\u00f6\u00f6v\u00f5imaluste ja meditsiiniinformaatika valdkonna arengute kohta. <\/p>\n\n\n\n<div class=\"wp-block-buttons is-content-justification-center is-layout-flex wp-container-core-buttons-is-layout-a89b3969 wp-block-buttons-is-layout-flex\">\n<div class=\"wp-block-button\"><a class=\"wp-block-button__link wp-element-button\" href=\"https:\/\/www.linkedin.com\/company\/estmia\/\">J\u00e4lgi EstMIAt LinkedInis<\/a><\/div>\n<\/div>\n\n\n\n<div style=\"height:10px\" aria-hidden=\"true\" class=\"wp-block-spacer\"><\/div>\n\n\n\n<h2 class=\"wp-block-heading has-text-align-center\"><strong><mark style=\"background-color:rgba(0, 0, 0, 0)\" class=\"has-inline-color has-contrast-3-color\">*<\/mark><\/strong><\/h2>\n<\/div>\n<\/div>\n\n\n\n<div style=\"height:19px\" aria-hidden=\"true\" class=\"wp-block-spacer\"><\/div>\n\n\n\n<h2 class=\"wp-block-heading has-text-align-center\">Juhatus<\/h2>\n\n\n\n<p class=\"has-text-align-center\">Meie <strong>EstMIA \u2013 Eesti Terviseinformaatika \u00dchingu juhatus<\/strong> koondab eksperte, kes tegutsevad tervishoiu, digitaalse innovatsiooni, teadust\u00f6\u00f6 ning meditsiiniinformaatika standardite arendamise valdkondades.<\/p>\n\n\n\n<figure class=\"wp-block-image size-large\"><img loading=\"lazy\" decoding=\"async\" width=\"1024\" height=\"724\" src=\"https:\/\/estmia.ee\/wp-content\/uploads\/2026\/03\/LT-designs-1-1024x724.png\" alt=\"\" class=\"wp-image-436\" srcset=\"https:\/\/estmia.ee\/wp-content\/uploads\/2026\/03\/LT-designs-1-1024x724.png 1024w, https:\/\/estmia.ee\/wp-content\/uploads\/2026\/03\/LT-designs-1-300x212.png 300w, https:\/\/estmia.ee\/wp-content\/uploads\/2026\/03\/LT-designs-1-768x543.png 768w, https:\/\/estmia.ee\/wp-content\/uploads\/2026\/03\/LT-designs-1-1536x1086.png 1536w, https:\/\/estmia.ee\/wp-content\/uploads\/2026\/03\/LT-designs-1-18x12.png 18w, https:\/\/estmia.ee\/wp-content\/uploads\/2026\/03\/LT-designs-1.png 2000w\" sizes=\"auto, (max-width: 1024px) 100vw, 1024px\" \/><\/figure>\n\n\n\n<div class=\"wp-block-group alignfull has-contrast-color has-text-color has-global-padding is-layout-constrained wp-container-core-group-is-layout-ef3d885c wp-block-group-is-layout-constrained has-background\" style=\"margin-top:0;margin-bottom:0;padding-top:var(--wp--preset--spacing--60);padding-right:var(--wp--preset--spacing--60);padding-bottom:var(--wp--preset--spacing--60);padding-left:var(--wp--preset--spacing--60);background-image:url(&apos;https:\/\/estmia.ee\/wp-content\/uploads\/2026\/03\/smth-1.png&apos;);background-position:17% 36%;background-size:cover;\">\n<div class=\"wp-block-group has-global-padding is-layout-constrained wp-block-group-is-layout-constrained\">\n<h2 class=\"wp-block-heading\">V\u00f5ta \u00fchendust juhatusega:<\/h2>\n\n\n\n<div class=\"wpcf7 no-js\" id=\"wpcf7-f229-o1\" lang=\"en\" dir=\"ltr\" data-wpcf7-id=\"229\">\n<div class=\"screen-reader-response\"><p role=\"status\" aria-live=\"polite\" aria-atomic=\"true\"><\/p> <ul><\/ul><\/div>\n<form action=\"\/et\/wp-json\/wp\/v2\/pages\/119#wpcf7-f229-o1\" method=\"post\" class=\"wpcf7-form init\" aria-label=\"Contact form\" novalidate=\"novalidate\" data-status=\"init\" data-trp-original-action=\"\/et\/wp-json\/wp\/v2\/pages\/119#wpcf7-f229-o1\">\n<fieldset class=\"hidden-fields-container\"><input type=\"hidden\" name=\"_wpcf7\" value=\"229\" \/><input type=\"hidden\" name=\"_wpcf7_version\" value=\"6.1.5\" \/><input type=\"hidden\" name=\"_wpcf7_locale\" value=\"en\" \/><input type=\"hidden\" name=\"_wpcf7_unit_tag\" value=\"wpcf7-f229-o1\" \/><input type=\"hidden\" name=\"_wpcf7_container_post\" value=\"0\" \/><input type=\"hidden\" name=\"_wpcf7_posted_data_hash\" value=\"\" \/>\n<\/fieldset>\n<p><label>Teie nimi<br \/>\n<span class=\"wpcf7-form-control-wrap\" data-name=\"your-name\"><input size=\"40\" maxlength=\"400\" class=\"wpcf7-form-control wpcf7-text wpcf7-validates-as-required\" aria-required=\"true\" aria-invalid=\"false\" value=\"\" type=\"text\" name=\"your-name\" \/><\/span><br \/>\n<\/label>\n<\/p>\n<p><label>Teie e-post<br \/>\n<span class=\"wpcf7-form-control-wrap\" data-name=\"your-email\"><input size=\"40\" maxlength=\"400\" class=\"wpcf7-form-control wpcf7-email wpcf7-validates-as-required wpcf7-text wpcf7-validates-as-email\" aria-required=\"true\" aria-invalid=\"false\" value=\"\" type=\"email\" name=\"your-email\" \/><\/span><br \/>\n<\/label>\n<\/p>\n<p><label>Teema<br \/>\n<span class=\"wpcf7-form-control-wrap\" data-name=\"your-subject\"><input size=\"40\" maxlength=\"400\" class=\"wpcf7-form-control wpcf7-text\" aria-invalid=\"false\" value=\"\" type=\"text\" name=\"your-subject\" \/><\/span><br \/>\n<\/label>\n<\/p>\n<p><label>Teie s\u00f5num<br \/>\n<span class=\"wpcf7-form-control-wrap\" data-name=\"your-message\"><textarea cols=\"40\" rows=\"10\" maxlength=\"2000\" class=\"wpcf7-form-control wpcf7-textarea\" aria-invalid=\"false\" name=\"your-message\"><\/textarea><\/span><br \/>\n<\/label>\n<\/p>\n<p><input class=\"wpcf7-form-control wpcf7-submit has-spinner\" type=\"submit\" value=\"Saada s\u00f5num\" \/>\n<\/p><p style=\"display: none !important;\" class=\"akismet-fields-container\" data-prefix=\"_wpcf7_ak_\"><label>&#916;<textarea name=\"_wpcf7_ak_hp_textarea\" cols=\"45\" rows=\"8\" maxlength=\"100\"><\/textarea><\/label><input type=\"hidden\" id=\"ak_js_1\" name=\"_wpcf7_ak_js\" value=\"129\"\/><script>\ndocument.getElementById( \"ak_js_1\" ).setAttribute( \"value\", ( new Date() ).getTime() );\n<\/script>\n<\/p><div class=\"wpcf7-response-output\" aria-hidden=\"true\"><\/div>\n<input type=\"hidden\" name=\"trp-form-language\" value=\"et\"\/><\/form>\n<\/div>\n\n\n\n\n<div style=\"height:19px\" aria-hidden=\"true\" class=\"wp-block-spacer\"><\/div>\n\n\n\n<h2 class=\"wp-block-heading has-text-align-center has-contrast-3-color has-text-color has-link-color wp-elements-5144d6e028698b31e2e70637b21c2c5e\"><strong>*<\/strong><\/h2>\n<\/div>\n<\/div>\n\n\n\n<div style=\"height:17px\" aria-hidden=\"true\" class=\"wp-block-spacer\"><\/div>\n\n\n\n<h2 class=\"wp-block-heading has-text-align-center\">Liikmed<\/h2>\n\n\n\n<p class=\"has-text-align-center\">EstMIA \u00fchendab tervise- ja meditsiiniinformaatikast huvitatud spetsialiste, teadlasi ja \u00fcli\u00f5pilasi. Sellel lehel on esitatud liikmed, kes on andnud n\u00f5usoleku oma profiili avalikuks jagamiseks.<\/p>\n\n\n\n<figure class=\"wp-block-table\"><table><thead><tr><th>Nimi<\/th><th>Roll \/ kuuluvus<\/th><th>Lingid<\/th><\/tr><\/thead><tbody><tr><td>Gunnar Piho<\/td><td>Juhatuse liige; Terviseinformaatika kaasprofessor, TalTech<\/td><td><a href=\"https:\/\/www.linkedin.com\/in\/gunnar-piho-426775173\/\" target=\"_blank\" rel=\"noopener\" title=\"LinkedIn\">LinkedIn<\/a>, <a href=\"https:\/\/www.etis.ee\/CV\/Gunnar_Piho\" target=\"_blank\" rel=\"noopener\" title=\"ETIS\">ETIS<\/a>, <a href=\"https:\/\/scholar.google.com\/citations?user=GP1LmLoAAAAJ&amp;hl=en\" target=\"_blank\" rel=\"noopener\" title=\"Google Scholar\">Google Scholar<\/a><\/td><\/tr><tr><td>Sulev Reisberg<\/td><td>Juhatuse liige<\/td><td><a href=\"https:\/\/www.linkedin.com\/in\/sulevreisberg\/\" target=\"_blank\" rel=\"noopener\" title=\"LinkedIn\">LinkedIn<\/a><\/td><\/tr><tr><td>Teele Orgse<\/td><td>Juhatuse liige<\/td><td><a href=\"https:\/\/www.linkedin.com\/in\/teele-orgse-4a25ab\/\" target=\"_blank\" rel=\"noopener\" title=\"LinkedIn\">LinkedIn<\/a><\/td><\/tr><tr><td>Igor Bossenko<\/td><td>Juhatuse liige<\/td><td><a href=\"https:\/\/www.linkedin.com\/in\/igor-bossenko\/\" target=\"_blank\" rel=\"noopener\" title=\"LinkedIn\">LinkedIn<\/a><\/td><\/tr><tr><td>T\u00f5nis Jaagus<\/td><td>Juhatuse liige<\/td><td><a href=\"https:\/\/www.linkedin.com\/in\/tonisjaagus\/\" target=\"_blank\" rel=\"noopener\" title=\"LinkedIn\">LinkedIn<\/a><\/td><\/tr><tr><td>Kati Laidus<\/td><td>Juhatuse liige<\/td><td><a href=\"https:\/\/www.linkedin.com\/in\/kati-laidus-1512813b2\/\" target=\"_blank\" rel=\"noopener\" title=\"LinkedIn\">LinkedIn<\/a><\/td><\/tr><tr><td>Kertti Merimaa<\/td><td>Juhatuse liige<\/td><td><a href=\"https:\/\/www.linkedin.com\/in\/kertti-merimaa\/\" target=\"_blank\" rel=\"noopener\" title=\"LinkedIn\">LinkedIn<\/a><\/td><\/tr><tr><td>Elli Valla<\/td><td>Liige<\/td><td><a href=\"https:\/\/www.linkedin.com\/in\/elli-valla\/\" target=\"_blank\" rel=\"noopener\" title=\"LinkedIn\">LinkedIn<\/a><\/td><\/tr><tr><td>Eno-Martin Lotman<\/td><td>Liige<\/td><td><a href=\"https:\/\/www.linkedin.com\/in\/eno-martin-lotman-04a92758\/\" target=\"_blank\" rel=\"noopener\" title=\"LinkedIn\">LinkedIn<\/a>, <a href=\"https:\/\/www.etis.ee\/CV\/Eno-Martin_Lotman\/eng\/\" target=\"_blank\" rel=\"noopener\" title=\"ETIS\">ETIS<\/a><\/td><\/tr><tr><td>Tanel Ross<\/td><td>Liige<\/td><td><a href=\"https:\/\/www.linkedin.com\/in\/tanel-ross-b643a020\/\" target=\"_blank\" rel=\"noopener\" title=\"LinkedIn\">LinkedIn<\/a><\/td><\/tr><tr><td>Doris Kaljuste<\/td><td>Liige; Digitaaltervise magistri\u00f5ppekava programmijuht, TalTech; E-tervise keskuse projektijuht<\/td><td><a href=\"https:\/\/www.linkedin.com\/in\/doriskaljuste\/\" target=\"_blank\" rel=\"noopener\" title=\"LinkedIn\">LinkedIn<\/a>, <a href=\"https:\/\/www.etis.ee\/CV\/Doris_Kaljuste001\/\" target=\"_blank\" rel=\"noopener\" title=\"ETIS\">ETIS<\/a><\/td><\/tr><tr><td>Janek Metsallik<\/td><td>Liige<\/td><td><a href=\"https:\/\/www.linkedin.com\/in\/janekmetsallik\/\" target=\"_blank\" rel=\"noopener\" title=\"LinkedIn\">LinkedIn<\/a><\/td><\/tr><tr><td>Karl-Erik Karu<\/td><td>Liige<\/td><td><a href=\"https:\/\/www.linkedin.com\/in\/karl-erik-karu\/\" target=\"_blank\" rel=\"noopener\" title=\"LinkedIn\">LinkedIn<\/a><\/td><\/tr><tr><td>Neeme Ilves<\/td><td>Liige<\/td><td><a href=\"https:\/\/www.linkedin.com\/in\/neeme-ilves-a1ba1b1a0\/\" target=\"_blank\" rel=\"noopener\" title=\"LinkedIn\">LinkedIn<\/a><\/td><\/tr><tr><td>Signe Parts<\/td><td>Liige<\/td><td><a href=\"https:\/\/www.linkedin.com\/in\/signe-parts\/\" target=\"_blank\" rel=\"noopener\" title=\"LinkedIn\">LinkedIn<\/a><\/td><\/tr><tr><td>Helena Carmen Udu<\/td><td>Liige<\/td><td><a href=\"https:\/\/www.linkedin.com\/in\/helena-carmen-udu-1947532ab\/\" target=\"_blank\" rel=\"noopener\" title=\"LinkedIn\">LinkedIn<\/a><\/td><\/tr><tr><td>Ami Sild<\/td><td>Liige<\/td><td><a href=\"https:\/\/www.linkedin.com\/in\/ami-sild\/\" target=\"_blank\" rel=\"noopener\" title=\"LinkedIn\">LinkedIn<\/a><\/td><\/tr><tr><td>Meelis Tivas<\/td><td>Liige<\/td><td><a href=\"https:\/\/www.linkedin.com\/in\/meelis-tivas-a6ba5275\/\" target=\"_blank\" rel=\"noopener\" title=\"LinkedIn\">LinkedIn<\/a><\/td><\/tr><tr><td>Erki Eessaar<\/td><td>Liige<\/td><td><a href=\"https:\/\/www.etis.ee\/CV\/Erki_Eessaar\" target=\"_blank\" rel=\"noopener\" title=\"ETIS\">ETIS<\/a><\/td><\/tr><tr><td>Peeter Ross<\/td><td>Liige<\/td><td><a href=\"https:\/\/www.linkedin.com\/in\/peeter-ross-5378b74\/\" target=\"_blank\" rel=\"noopener\" title=\"LinkedIn\">LinkedIn<\/a>, <a href=\"https:\/\/www.etis.ee\/CV\/Peeter_Ross\/est\" target=\"_blank\" rel=\"noopener\" title=\"ETIS\">ETIS<\/a><\/td><\/tr><tr><td>Maria Malk<\/td><td>Liige<\/td><td><a href=\"https:\/\/www.linkedin.com\/in\/maria-malk-5aa90321a\/\" target=\"_blank\" rel=\"noopener\" title=\"LinkedIn\">LinkedIn<\/a><\/td><\/tr><tr><td>Paul Annus<\/td><td>Liige<\/td><td><a href=\"https:\/\/www.linkedin.com\/in\/paul-annus\/\" target=\"_blank\" rel=\"noopener\" title=\"LinkedIn\">LinkedIn<\/a><\/td><\/tr><\/tbody><\/table><\/figure>\n\n\n\n<p><\/p>","protected":false},"excerpt":{"rendered":"<p>General enquiries For questions about EstMIA activities, collaboration opportunities or membership: info@estmia.ee * LinkedIn Follow EstMIA on LinkedIn for updates on events, collaborations and developments in medical informatics. * The [&hellip;]<\/p>\n","protected":false},"author":1,"featured_media":0,"parent":0,"menu_order":0,"comment_status":"closed","ping_status":"closed","template":"","meta":{"give_campaign_id":0,"_EventAllDay":false,"_EventTimezone":"","_EventStartDate":"","_EventEndDate":"","_EventStartDateUTC":"","_EventEndDateUTC":"","_EventShowMap":false,"_EventShowMapLink":false,"_EventURL":"","_EventCost":"","_EventCostDescription":"","_EventCurrencySymbol":"","_EventCurrencyCode":"","_EventCurrencyPosition":"","_EventDateTimeSeparator":"","_EventTimeRangeSeparator":"","_EventOrganizerID":[],"_EventVenueID":[],"_OrganizerEmail":"","_OrganizerPhone":"","_OrganizerWebsite":"","_VenueAddress":"","_VenueCity":"","_VenueCountry":"","_VenueProvince":"","_VenueState":"","_VenueZip":"","_VenuePhone":"","_VenueURL":"","_VenueStateProvince":"","_VenueLat":"","_VenueLng":"","_VenueShowMap":false,"_VenueShowMapLink":false,"footnotes":""},"class_list":["post-119","page","type-page","status-publish","hentry"],"aioseo_notices":[],"campaignId":"0","_links":{"self":[{"href":"https:\/\/estmia.ee\/et\/wp-json\/wp\/v2\/pages\/119","targetHints":{"allow":["GET"]}}],"collection":[{"href":"https:\/\/estmia.ee\/et\/wp-json\/wp\/v2\/pages"}],"about":[{"href":"https:\/\/estmia.ee\/et\/wp-json\/wp\/v2\/types\/page"}],"author":[{"embeddable":true,"href":"https:\/\/estmia.ee\/et\/wp-json\/wp\/v2\/users\/1"}],"replies":[{"embeddable":true,"href":"https:\/\/estmia.ee\/et\/wp-json\/wp\/v2\/comments?post=119"}],"version-history":[{"count":43,"href":"https:\/\/estmia.ee\/et\/wp-json\/wp\/v2\/pages\/119\/revisions"}],"predecessor-version":[{"id":754,"href":"https:\/\/estmia.ee\/et\/wp-json\/wp\/v2\/pages\/119\/revisions\/754"}],"wp:attachment":[{"href":"https:\/\/estmia.ee\/et\/wp-json\/wp\/v2\/media?parent=119"}],"curies":[{"name":"wp","href":"https:\/\/api.w.org\/{rel}","templated":true}]}}