{"id":362,"date":"2026-03-24T20:36:53","date_gmt":"2026-03-24T20:36:53","guid":{"rendered":"https:\/\/estmia.ee\/?page_id=362"},"modified":"2026-04-04T15:54:18","modified_gmt":"2026-04-04T15:54:18","slug":"strategic-focus-2026","status":"publish","type":"page","link":"https:\/\/estmia.ee\/et\/strategic-focus-2026\/","title":{"rendered":"Strateegilised fookused 2026"},"content":{"rendered":"<p class=\"has-text-align-center\">J\u00e4rgnevad strateegilised fookusvaldkonnad m\u00e4\u00e4ratlevad EstMIA prioriteedid ja suunavad tegevusi 2026. aastal.<\/p>\n\n\n\n<div style=\"height:21px\" aria-hidden=\"true\" class=\"wp-block-spacer\"><\/div>\n\n\n\n<div class=\"wp-block-group alignfull has-accent-background-color has-background has-global-padding is-content-justification-center is-layout-constrained wp-container-core-group-is-layout-07713731 wp-block-group-is-layout-constrained\" style=\"margin-top:0;margin-bottom:0;padding-top:var(--wp--preset--spacing--50);padding-right:var(--wp--preset--spacing--50);padding-bottom:var(--wp--preset--spacing--50);padding-left:var(--wp--preset--spacing--50);background-image:url(&apos;https:\/\/estmia.ee\/wp-content\/uploads\/2026\/03\/blu.png&apos;);background-size:cover;\">\n<div class=\"wp-block-columns alignwide is-layout-flex wp-container-core-columns-is-layout-1da03c2a wp-block-columns-is-layout-flex\">\n<div class=\"wp-block-column is-vertically-aligned-stretch is-layout-flow wp-block-column-is-layout-flow\" style=\"flex-basis:50%\">\n<div class=\"wp-block-group is-vertical is-content-justification-stretch is-layout-flex wp-container-core-group-is-layout-444d5ee8 wp-block-group-is-layout-flex\" style=\"min-height:100%\">\n<p class=\"has-heading-font-family has-x-large-font-size\" style=\"line-height:1.2\"><strong>E-tervise ja meditsiiniinnovatsiooni tugevdamine Balti- ja P\u00f5hjamaade piirkonnas<\/strong><\/p>\n\n\n\n<p>Digitaalse tervise ja meditsiiniinnovatsiooni arendamise toetamine l\u00e4bi koost\u00f6\u00f6 ja regionaalsete algatuste Balti- ja P\u00f5hjamaade riikides.<\/p>\n\n\n\n<p>2026. aastal h\u00f5lmab see fookus ka selliseid s\u00fcndmusi nagu <strong>Estonian HealthTech Week<\/strong>\u2013 innovatsioonile, tehnoloogiale ja tervishoiu digip\u00f6\u00f6rdele p\u00fchendatud n\u00e4dal.<\/p>\n\n\n\n<div class=\"wp-block-buttons is-content-justification-center is-layout-flex wp-container-core-buttons-is-layout-a89b3969 wp-block-buttons-is-layout-flex\">\n<div class=\"wp-block-button\"><a class=\"wp-block-button__link has-contrast-background-color has-background wp-element-button\" href=\"https:\/\/biopark.ee\/et\/estonian-health-tech-week\/\">Loe l\u00e4hemalt Estonian HealthTech Week\u2019i kohta<\/a><\/div>\n<\/div>\n<\/div>\n<\/div>\n\n\n\n<div class=\"wp-block-column is-vertically-aligned-center is-layout-flow wp-block-column-is-layout-flow\" style=\"flex-basis:50%\">\n<figure class=\"wp-block-image alignleft size-large is-resized is-style-rounded is-style-rounded--1\"><img loading=\"lazy\" decoding=\"async\" width=\"1024\" height=\"724\" src=\"https:\/\/estmia.ee\/wp-content\/uploads\/2026\/03\/1_sin-1-1024x724.png\" alt=\"\" class=\"wp-image-386\" style=\"aspect-ratio:0.75;object-fit:cover;width:295px;height:auto\" srcset=\"https:\/\/estmia.ee\/wp-content\/uploads\/2026\/03\/1_sin-1-1024x724.png 1024w, https:\/\/estmia.ee\/wp-content\/uploads\/2026\/03\/1_sin-1-300x212.png 300w, https:\/\/estmia.ee\/wp-content\/uploads\/2026\/03\/1_sin-1-768x543.png 768w, https:\/\/estmia.ee\/wp-content\/uploads\/2026\/03\/1_sin-1-1536x1086.png 1536w, https:\/\/estmia.ee\/wp-content\/uploads\/2026\/03\/1_sin-1-18x12.png 18w, https:\/\/estmia.ee\/wp-content\/uploads\/2026\/03\/1_sin-1.png 2000w\" sizes=\"auto, (max-width: 1024px) 100vw, 1024px\" \/><\/figure>\n<\/div>\n<\/div>\n<\/div>\n\n\n\n<div style=\"height:19px\" aria-hidden=\"true\" class=\"wp-block-spacer\"><\/div>\n\n\n\n<div class=\"wp-block-group alignfull has-accent-background-color has-background has-global-padding is-content-justification-center is-layout-constrained wp-container-core-group-is-layout-07713731 wp-block-group-is-layout-constrained\" style=\"margin-top:0;margin-bottom:0;padding-top:var(--wp--preset--spacing--50);padding-right:var(--wp--preset--spacing--50);padding-bottom:var(--wp--preset--spacing--50);padding-left:var(--wp--preset--spacing--50);background-image:url(&apos;https:\/\/estmia.ee\/wp-content\/uploads\/2026\/03\/blu.png&apos;);background-size:cover;\">\n<div class=\"wp-block-columns alignwide is-layout-flex wp-container-core-columns-is-layout-1da03c2a wp-block-columns-is-layout-flex\">\n<div class=\"wp-block-column is-vertically-aligned-stretch is-layout-flow wp-block-column-is-layout-flow\" style=\"flex-basis:50%\">\n<div class=\"wp-block-group is-vertical is-content-justification-stretch is-layout-flex wp-container-core-group-is-layout-444d5ee8 wp-block-group-is-layout-flex\" style=\"min-height:100%\">\n<p class=\"has-heading-font-family has-x-large-font-size\" style=\"line-height:1.2\"><strong><strong>Noorte spetsialistide ja tudengite kaasamine<\/strong><\/strong><\/p>\n\n\n\n<p>J\u00e4rgmise p\u00f5lvkonna teadlaste ja spetsialistide toetamine terviseinformaatika valdkonnas l\u00e4bi kogukonna arendamise, v\u00f5rgustumise ja arenguv\u00f5imaluste loomise.<\/p>\n\n\n\n<p>2026. aastal toetavad seda fookust algatused nagu <strong>NoorEstMIA<\/strong>\u2013 kogukond tudengitele ja varajase karj\u00e4\u00e4ri spetsialistidele, kes tunnevad huvi digitaalse tervise ja terviseinformaatika vastu.<\/p>\n\n\n\n<div class=\"wp-block-buttons is-content-justification-center is-layout-flex wp-container-core-buttons-is-layout-a89b3969 wp-block-buttons-is-layout-flex\">\n<div class=\"wp-block-button\"><a class=\"wp-block-button__link has-contrast-background-color has-background wp-element-button\">Loe l\u00e4hemalt NoorEstMIA kohta<\/a><\/div>\n<\/div>\n<\/div>\n<\/div>\n\n\n\n<div class=\"wp-block-column is-vertically-aligned-center is-layout-flow wp-block-column-is-layout-flow\" style=\"flex-basis:50%\">\n<figure class=\"wp-block-image alignleft size-large is-resized is-style-rounded is-style-rounded--2\"><img loading=\"lazy\" decoding=\"async\" width=\"1024\" height=\"724\" src=\"https:\/\/estmia.ee\/wp-content\/uploads\/2026\/03\/2_sin-1-1024x724.png\" alt=\"\" class=\"wp-image-389\" style=\"aspect-ratio:0.75;object-fit:cover;width:295px;height:auto\" srcset=\"https:\/\/estmia.ee\/wp-content\/uploads\/2026\/03\/2_sin-1-1024x724.png 1024w, https:\/\/estmia.ee\/wp-content\/uploads\/2026\/03\/2_sin-1-300x212.png 300w, https:\/\/estmia.ee\/wp-content\/uploads\/2026\/03\/2_sin-1-768x543.png 768w, https:\/\/estmia.ee\/wp-content\/uploads\/2026\/03\/2_sin-1-1536x1086.png 1536w, https:\/\/estmia.ee\/wp-content\/uploads\/2026\/03\/2_sin-1-18x12.png 18w, https:\/\/estmia.ee\/wp-content\/uploads\/2026\/03\/2_sin-1.png 2000w\" sizes=\"auto, (max-width: 1024px) 100vw, 1024px\" \/><\/figure>\n<\/div>\n<\/div>\n<\/div>\n\n\n\n<div style=\"height:19px\" aria-hidden=\"true\" class=\"wp-block-spacer\"><\/div>\n\n\n\n<div class=\"wp-block-group alignfull has-accent-background-color has-background has-global-padding is-content-justification-center is-layout-constrained wp-container-core-group-is-layout-07713731 wp-block-group-is-layout-constrained\" style=\"margin-top:0;margin-bottom:0;padding-top:var(--wp--preset--spacing--50);padding-right:var(--wp--preset--spacing--50);padding-bottom:var(--wp--preset--spacing--50);padding-left:var(--wp--preset--spacing--50);background-image:url(&apos;https:\/\/estmia.ee\/wp-content\/uploads\/2026\/03\/blu.png&apos;);background-size:cover;\">\n<div class=\"wp-block-columns alignwide is-layout-flex wp-container-core-columns-is-layout-1da03c2a wp-block-columns-is-layout-flex\">\n<div class=\"wp-block-column is-vertically-aligned-stretch is-layout-flow wp-block-column-is-layout-flow\" style=\"flex-basis:50%\">\n<div class=\"wp-block-group is-vertical is-content-justification-stretch is-layout-flex wp-container-core-group-is-layout-444d5ee8 wp-block-group-is-layout-flex\" style=\"min-height:100%\">\n<p class=\"has-heading-font-family has-x-large-font-size\" style=\"line-height:1.2\"><strong><strong><strong><strong>Digilahenduste arendamine s\u00f5jameditsiinis<\/strong><\/strong><\/strong><\/strong><\/p>\n\n\n\n<p>Innovatsiooni toetamine s\u00f5ja- ja erakorralise meditsiini digilahendustes, sh andmete integreerimine, telemeditsiin ja otsustustoe s\u00fcsteemid.<\/p>\n\n\n\n<p>2026. aastal keskendub see fookus partnerlussuhete loomisele ning panustamisele uutesse kaitse- ja tervishoiualastesse koost\u00f6\u00f6algatustesse.<\/p>\n<\/div>\n<\/div>\n\n\n\n<div class=\"wp-block-column is-vertically-aligned-center is-layout-flow wp-block-column-is-layout-flow\" style=\"flex-basis:50%\">\n<figure class=\"wp-block-image alignleft size-large is-resized is-style-rounded is-style-rounded--3\"><img loading=\"lazy\" decoding=\"async\" width=\"1024\" height=\"724\" src=\"https:\/\/estmia.ee\/wp-content\/uploads\/2026\/03\/3_sin-1024x724.png\" alt=\"\" class=\"wp-image-390\" style=\"aspect-ratio:0.75;object-fit:cover;width:295px;height:auto\" srcset=\"https:\/\/estmia.ee\/wp-content\/uploads\/2026\/03\/3_sin-1024x724.png 1024w, https:\/\/estmia.ee\/wp-content\/uploads\/2026\/03\/3_sin-300x212.png 300w, https:\/\/estmia.ee\/wp-content\/uploads\/2026\/03\/3_sin-768x543.png 768w, https:\/\/estmia.ee\/wp-content\/uploads\/2026\/03\/3_sin-1536x1086.png 1536w, https:\/\/estmia.ee\/wp-content\/uploads\/2026\/03\/3_sin-18x12.png 18w, https:\/\/estmia.ee\/wp-content\/uploads\/2026\/03\/3_sin.png 2000w\" sizes=\"auto, (max-width: 1024px) 100vw, 1024px\" \/><\/figure>\n<\/div>\n<\/div>\n<\/div>\n\n\n\n<div style=\"height:19px\" aria-hidden=\"true\" class=\"wp-block-spacer\"><\/div>\n\n\n\n<div class=\"wp-block-group alignfull has-accent-background-color has-background has-global-padding is-content-justification-center is-layout-constrained wp-container-core-group-is-layout-07713731 wp-block-group-is-layout-constrained\" style=\"margin-top:0;margin-bottom:0;padding-top:var(--wp--preset--spacing--50);padding-right:var(--wp--preset--spacing--50);padding-bottom:var(--wp--preset--spacing--50);padding-left:var(--wp--preset--spacing--50);background-image:url(&apos;https:\/\/estmia.ee\/wp-content\/uploads\/2026\/03\/blu.png&apos;);background-size:cover;\">\n<div class=\"wp-block-columns alignwide is-layout-flex wp-container-core-columns-is-layout-1da03c2a wp-block-columns-is-layout-flex\">\n<div class=\"wp-block-column is-vertically-aligned-stretch is-layout-flow wp-block-column-is-layout-flow\" style=\"flex-basis:50%\">\n<div class=\"wp-block-group is-vertical is-content-justification-stretch is-layout-flex wp-container-core-group-is-layout-444d5ee8 wp-block-group-is-layout-flex\" style=\"min-height:100%\">\n<p class=\"has-heading-font-family has-x-large-font-size\" style=\"line-height:1.2\"><strong><strong><strong><strong><strong><strong>Koost\u00f6\u00f6platvormi loomine<\/strong><\/strong><\/strong><\/strong><\/strong><\/strong><\/p>\n\n\n\n<p>Tervishoiut\u00f6\u00f6tajate, teadlaste, inseneride ja poliitikakujundajate \u00fchendamine, et edendada tervishoius valdkondadevahelist innovatsiooni.<\/p>\n\n\n\n<p>2026. aastal h\u00f5lmab see fookus v\u00f5rgustike tugevdamist ja koost\u00f6\u00f6v\u00f5imaluste loomist erinevate sektorite ja erialade vahel.<\/p>\n<\/div>\n<\/div>\n\n\n\n<div class=\"wp-block-column is-vertically-aligned-center is-layout-flow wp-block-column-is-layout-flow\" style=\"flex-basis:50%\">\n<figure class=\"wp-block-image alignleft size-large is-resized is-style-rounded is-style-rounded--4\"><img loading=\"lazy\" decoding=\"async\" width=\"1024\" height=\"724\" src=\"https:\/\/estmia.ee\/wp-content\/uploads\/2026\/03\/4sin-1024x724.png\" alt=\"\" class=\"wp-image-392\" style=\"aspect-ratio:0.75;object-fit:cover;width:295px;height:auto\" srcset=\"https:\/\/estmia.ee\/wp-content\/uploads\/2026\/03\/4sin-1024x724.png 1024w, https:\/\/estmia.ee\/wp-content\/uploads\/2026\/03\/4sin-300x212.png 300w, https:\/\/estmia.ee\/wp-content\/uploads\/2026\/03\/4sin-768x543.png 768w, https:\/\/estmia.ee\/wp-content\/uploads\/2026\/03\/4sin-1536x1086.png 1536w, https:\/\/estmia.ee\/wp-content\/uploads\/2026\/03\/4sin-18x12.png 18w, https:\/\/estmia.ee\/wp-content\/uploads\/2026\/03\/4sin.png 2000w\" sizes=\"auto, (max-width: 1024px) 100vw, 1024px\" \/><\/figure>\n<\/div>\n<\/div>\n<\/div>\n\n\n\n<div style=\"height:80px\" aria-hidden=\"true\" class=\"wp-block-spacer\"><\/div>\n\n\n\n<p class=\"has-text-align-center\"><strong>Tutvu meie tulevaste s\u00fcndmustega<\/strong>:<\/p>\n\n\n\n<div class=\"wp-block-buttons is-content-justification-center is-layout-flex wp-container-core-buttons-is-layout-a89b3969 wp-block-buttons-is-layout-flex\">\n<div class=\"wp-block-button\"><a class=\"wp-block-button__link has-contrast-color has-text-color has-background has-link-color wp-element-button\" href=\"https:\/\/estmia.ee\/et\/calendar\/\" style=\"background:linear-gradient(135deg,rgb(191,221,241) 100%,rgb(155,81,224) 100%)\">Vaata k\u00f5iki s\u00fcndmusi<\/a><\/div>\n<\/div>\n\n\n\n<div style=\"height:30px\" aria-hidden=\"true\" class=\"wp-block-spacer\"><\/div>","protected":false},"excerpt":{"rendered":"<p>The following strategic focus areas define EstMIA\u2019s priorities and guide its activities in 2026. Strengthening e-health and medical innovation in the Baltic and Nordic region Supporting the development of digital [&hellip;]<\/p>\n","protected":false},"author":1,"featured_media":0,"parent":0,"menu_order":0,"comment_status":"closed","ping_status":"closed","template":"","meta":{"give_campaign_id":0,"_EventAllDay":false,"_EventTimezone":"","_EventStartDate":"","_EventEndDate":"","_EventStartDateUTC":"","_EventEndDateUTC":"","_EventShowMap":false,"_EventShowMapLink":false,"_EventURL":"","_EventCost":"","_EventCostDescription":"","_EventCurrencySymbol":"","_EventCurrencyCode":"","_EventCurrencyPosition":"","_EventDateTimeSeparator":"","_EventTimeRangeSeparator":"","_EventOrganizerID":[],"_EventVenueID":[],"_OrganizerEmail":"","_OrganizerPhone":"","_OrganizerWebsite":"","_VenueAddress":"","_VenueCity":"","_VenueCountry":"","_VenueProvince":"","_VenueState":"","_VenueZip":"","_VenuePhone":"","_VenueURL":"","_VenueStateProvince":"","_VenueLat":"","_VenueLng":"","_VenueShowMap":false,"_VenueShowMapLink":false,"footnotes":""},"class_list":["post-362","page","type-page","status-publish","hentry"],"aioseo_notices":[],"campaignId":"","_links":{"self":[{"href":"https:\/\/estmia.ee\/et\/wp-json\/wp\/v2\/pages\/362","targetHints":{"allow":["GET"]}}],"collection":[{"href":"https:\/\/estmia.ee\/et\/wp-json\/wp\/v2\/pages"}],"about":[{"href":"https:\/\/estmia.ee\/et\/wp-json\/wp\/v2\/types\/page"}],"author":[{"embeddable":true,"href":"https:\/\/estmia.ee\/et\/wp-json\/wp\/v2\/users\/1"}],"replies":[{"embeddable":true,"href":"https:\/\/estmia.ee\/et\/wp-json\/wp\/v2\/comments?post=362"}],"version-history":[{"count":8,"href":"https:\/\/estmia.ee\/et\/wp-json\/wp\/v2\/pages\/362\/revisions"}],"predecessor-version":[{"id":642,"href":"https:\/\/estmia.ee\/et\/wp-json\/wp\/v2\/pages\/362\/revisions\/642"}],"wp:attachment":[{"href":"https:\/\/estmia.ee\/et\/wp-json\/wp\/v2\/media?parent=362"}],"curies":[{"name":"wp","href":"https:\/\/api.w.org\/{rel}","templated":true}]}}