{"id":599,"date":"2026-04-01T08:53:11","date_gmt":"2026-04-01T08:53:11","guid":{"rendered":"https:\/\/estmia.ee\/?page_id=599"},"modified":"2026-04-04T15:39:35","modified_gmt":"2026-04-04T15:39:35","slug":"resources","status":"publish","type":"page","link":"https:\/\/estmia.ee\/et\/resources\/","title":{"rendered":"Materjalid"},"content":{"rendered":"<p class=\"has-text-align-center\">Avasta salvestusi, teadust\u00f6id ja akadeemilisi materjale, mis on seotud terviseinformaatikaga Eesti maastikul.<\/p>\n\n\n\n<p class=\"has-text-align-center\">See leht koondab seminaride salvestused, l\u00f5put\u00f6\u00f6d ja muud materjalid Eesti \u00fclikoolidest ning EstMIA kogukonna ja partnerite panuse, toetades terviseinformaatika arengut Eestis.<\/p>\n\n\n\n<div style=\"height:100px\" aria-hidden=\"true\" class=\"wp-block-spacer\"><\/div>\n\n\n\n<div class=\"wp-block-columns alignwide is-layout-flex wp-container-core-columns-is-layout-d2da2050 wp-block-columns-is-layout-flex\" style=\"margin-bottom:0\">\n<div class=\"wp-block-column has-base-2-background-color has-text-color has-background has-link-color wp-elements-cbd403c0d1de6bdec5cf5a2c97e2350b is-layout-flow wp-block-column-is-layout-flow\" style=\"color:#000000;padding-top:2em;padding-right:2em;padding-bottom:2em;padding-left:2em\">\n<h2 class=\"wp-block-heading has-text-align-center\" id=\"single\" style=\"font-size:clamp(24.034px, 1.502rem + ((1vw - 3.2px) * 1.663), 40px);\"><strong>Seminarid<\/strong><\/h2>\n\n\n\n<figure class=\"wp-block-image aligncenter size-full\"><a href=\"https:\/\/estmia.ee\/et\/seminars\/\"><img loading=\"lazy\" decoding=\"async\" width=\"500\" height=\"500\" src=\"https:\/\/estmia.ee\/wp-content\/uploads\/2026\/04\/seminarid.png\" alt=\"\" class=\"wp-image-603\" srcset=\"https:\/\/estmia.ee\/wp-content\/uploads\/2026\/04\/seminarid.png 500w, https:\/\/estmia.ee\/wp-content\/uploads\/2026\/04\/seminarid-300x300.png 300w, https:\/\/estmia.ee\/wp-content\/uploads\/2026\/04\/seminarid-150x150.png 150w, https:\/\/estmia.ee\/wp-content\/uploads\/2026\/04\/seminarid-12x12.png 12w\" sizes=\"auto, (max-width: 500px) 100vw, 500px\" \/><\/a><\/figure>\n\n\n\n<p class=\"has-text-align-center\">Meditsiiniinformaatika, digitaalse tervise ja andmep\u00f5hise tervishoiu teemaliste seminaride ja ettekannete salvestused.<\/p>\n\n\n\n<div class=\"wp-block-buttons alignfull is-horizontal is-content-justification-center is-layout-flex wp-container-core-buttons-is-layout-03627597 wp-block-buttons-is-layout-flex\">\n<div class=\"wp-block-button has-custom-width wp-block-button__width-100\"><a class=\"wp-block-button__link has-white-color has-text-color has-background no-border-radius wp-element-button\" href=\"https:\/\/estmia.ee\/et\/seminars\/\" style=\"background-color:#000000\">Vaata seminare<\/a><\/div>\n<\/div>\n<\/div>\n\n\n\n<div class=\"wp-block-column has-base-2-background-color has-text-color has-background has-link-color wp-elements-0e0813d18ed95e2d7ef247cb2c7765a6 is-layout-flow wp-block-column-is-layout-flow\" style=\"color:#000000;padding-top:2em;padding-right:2em;padding-bottom:2em;padding-left:2em\">\n<h2 class=\"wp-block-heading has-text-align-center\" id=\"family\" style=\"font-size:clamp(24.034px, 1.502rem + ((1vw - 3.2px) * 1.663), 40px);\"><strong>L\u00f5put\u00f6\u00f6d<\/strong><\/h2>\n\n\n\n<figure class=\"wp-block-image aligncenter size-full\"><a href=\"https:\/\/estmia.ee\/et\/theses\/\"><img loading=\"lazy\" decoding=\"async\" width=\"500\" height=\"500\" src=\"https:\/\/estmia.ee\/wp-content\/uploads\/2026\/04\/loputood.png\" alt=\"\" class=\"wp-image-602\" srcset=\"https:\/\/estmia.ee\/wp-content\/uploads\/2026\/04\/loputood.png 500w, https:\/\/estmia.ee\/wp-content\/uploads\/2026\/04\/loputood-300x300.png 300w, https:\/\/estmia.ee\/wp-content\/uploads\/2026\/04\/loputood-150x150.png 150w, https:\/\/estmia.ee\/wp-content\/uploads\/2026\/04\/loputood-12x12.png 12w\" sizes=\"auto, (max-width: 500px) 100vw, 500px\" \/><\/a><\/figure>\n\n\n\n<p class=\"has-text-align-center\">Eesti \u00fclikoolide magistri- ja doktorit\u00f6\u00f6de kogumik, mis on seotud terviseinformaatika ja digitaalse tervisega.<\/p>\n\n\n\n<div class=\"wp-block-buttons alignfull is-horizontal is-content-justification-center is-layout-flex wp-container-core-buttons-is-layout-03627597 wp-block-buttons-is-layout-flex\">\n<div class=\"wp-block-button has-custom-width wp-block-button__width-100 is-style-fill\"><a class=\"wp-block-button__link has-white-color has-text-color has-background no-border-radius wp-element-button\" href=\"https:\/\/estmia.ee\/et\/theses\/\" style=\"background-color:#000000\">Vaata l\u00f5put\u00f6id<\/a><\/div>\n<\/div>\n<\/div>\n<\/div>\n\n\n\n<p><\/p>","protected":false},"excerpt":{"rendered":"<p>Explore recordings, research and academic work related to medical informatics and digital health in Estonia. This section highlights seminars, theses and other materials from Estonian universities, as well as contributions [&hellip;]<\/p>\n","protected":false},"author":1,"featured_media":0,"parent":0,"menu_order":0,"comment_status":"closed","ping_status":"closed","template":"","meta":{"give_campaign_id":0,"_EventAllDay":false,"_EventTimezone":"","_EventStartDate":"","_EventEndDate":"","_EventStartDateUTC":"","_EventEndDateUTC":"","_EventShowMap":false,"_EventShowMapLink":false,"_EventURL":"","_EventCost":"","_EventCostDescription":"","_EventCurrencySymbol":"","_EventCurrencyCode":"","_EventCurrencyPosition":"","_EventDateTimeSeparator":"","_EventTimeRangeSeparator":"","_EventOrganizerID":[],"_EventVenueID":[],"_OrganizerEmail":"","_OrganizerPhone":"","_OrganizerWebsite":"","_VenueAddress":"","_VenueCity":"","_VenueCountry":"","_VenueProvince":"","_VenueState":"","_VenueZip":"","_VenuePhone":"","_VenueURL":"","_VenueStateProvince":"","_VenueLat":"","_VenueLng":"","_VenueShowMap":false,"_VenueShowMapLink":false,"footnotes":""},"class_list":["post-599","page","type-page","status-publish","hentry"],"aioseo_notices":[],"campaignId":"","_links":{"self":[{"href":"https:\/\/estmia.ee\/et\/wp-json\/wp\/v2\/pages\/599","targetHints":{"allow":["GET"]}}],"collection":[{"href":"https:\/\/estmia.ee\/et\/wp-json\/wp\/v2\/pages"}],"about":[{"href":"https:\/\/estmia.ee\/et\/wp-json\/wp\/v2\/types\/page"}],"author":[{"embeddable":true,"href":"https:\/\/estmia.ee\/et\/wp-json\/wp\/v2\/users\/1"}],"replies":[{"embeddable":true,"href":"https:\/\/estmia.ee\/et\/wp-json\/wp\/v2\/comments?post=599"}],"version-history":[{"count":6,"href":"https:\/\/estmia.ee\/et\/wp-json\/wp\/v2\/pages\/599\/revisions"}],"predecessor-version":[{"id":627,"href":"https:\/\/estmia.ee\/et\/wp-json\/wp\/v2\/pages\/599\/revisions\/627"}],"wp:attachment":[{"href":"https:\/\/estmia.ee\/et\/wp-json\/wp\/v2\/media?parent=599"}],"curies":[{"name":"wp","href":"https:\/\/api.w.org\/{rel}","templated":true}]}}